{"id":25,"date":"2019-06-25T10:19:06","date_gmt":"2019-06-25T07:19:06","guid":{"rendered":"http:\/\/setam.org.tr\/?page_id=25"},"modified":"2020-11-19T09:50:38","modified_gmt":"2020-11-19T06:50:38","slug":"iletisim","status":"publish","type":"page","link":"https:\/\/setam.org.tr\/index.php\/iletisim\/","title":{"rendered":"\u0130leti\u015fim"},"content":{"rendered":"\n<div class=\"wp-block-group\"><div class=\"wp-block-group__inner-container is-layout-flow wp-block-group-is-layout-flow\">\n<p style=\"text-align: center;\"><a href=\"https:\/\/goo.gl\/maps\/CtJKt4dNdudeDhyQ7\" data-penci-link=\"external\">Varl\u0131k Mahallesi, Gazi Osman Pa\u015fa caddesi no:14\/5 Yenimahalle\/Ankara<\/a><\/p>\n<p><iframe src=\"https:\/\/www.google.com\/maps\/embed?pb=!1m14!1m12!1m3!1d1285.846950895251!2d32.835416413636366!3d39.95756621817768!2m3!1f0!2f0!3f0!3m2!1i1024!2i768!4f13.1!5e0!3m2!1sen!2str!4v1605768554115!5m2!1sen!2str\" width=\"600\" height=\"450\" frameborder=\"0\" style=\"border:0;\" allowfullscreen=\"\" aria-hidden=\"false\" tabindex=\"0\"><\/iframe><\/p>\n<p><strong>Bize yazabilirsiniz.<\/strong><\/p>\n<p class=\"wpcf7-contact-form-not-found\"><strong>Hata:<\/strong> \u0130leti\u015fim formu bulunamad\u0131.<\/p>\n<p>&nbsp;<\/p>\n\n\n\n<p><\/p>\n<\/div><\/div>\n","protected":false},"excerpt":{"rendered":"<p>Varl\u0131k Mahallesi, Gazi Osman Pa\u015fa caddesi no:14\/5 Yenimahalle\/Ankara Bize yazabilirsiniz. &nbsp;<\/p>\n","protected":false},"author":3,"featured_media":42,"parent":0,"menu_order":0,"comment_status":"closed","ping_status":"closed","template":"","meta":{"content-type":"","_lmt_disableupdate":"","_lmt_disable":"","footnotes":""},"class_list":["post-25","page","type-page","status-publish","has-post-thumbnail","hentry"],"_links":{"self":[{"href":"https:\/\/setam.org.tr\/index.php\/wp-json\/wp\/v2\/pages\/25","targetHints":{"allow":["GET"]}}],"collection":[{"href":"https:\/\/setam.org.tr\/index.php\/wp-json\/wp\/v2\/pages"}],"about":[{"href":"https:\/\/setam.org.tr\/index.php\/wp-json\/wp\/v2\/types\/page"}],"author":[{"embeddable":true,"href":"https:\/\/setam.org.tr\/index.php\/wp-json\/wp\/v2\/users\/3"}],"replies":[{"embeddable":true,"href":"https:\/\/setam.org.tr\/index.php\/wp-json\/wp\/v2\/comments?post=25"}],"version-history":[{"count":28,"href":"https:\/\/setam.org.tr\/index.php\/wp-json\/wp\/v2\/pages\/25\/revisions"}],"predecessor-version":[{"id":498,"href":"https:\/\/setam.org.tr\/index.php\/wp-json\/wp\/v2\/pages\/25\/revisions\/498"}],"wp:featuredmedia":[{"embeddable":true,"href":"https:\/\/setam.org.tr\/index.php\/wp-json\/wp\/v2\/media\/42"}],"wp:attachment":[{"href":"https:\/\/setam.org.tr\/index.php\/wp-json\/wp\/v2\/media?parent=25"}],"curies":[{"name":"wp","href":"https:\/\/api.w.org\/{rel}","templated":true}]}}