{"id":23,"date":"2019-06-25T10:17:24","date_gmt":"2019-06-25T07:17:24","guid":{"rendered":"http:\/\/setam.org.tr\/?page_id=23"},"modified":"2025-09-17T22:15:50","modified_gmt":"2025-09-17T19:15:50","slug":"yonetim","status":"publish","type":"page","link":"https:\/\/setam.org.tr\/index.php\/yonetim\/","title":{"rendered":"Y\u00f6netim"},"content":{"rendered":"\t\t<div data-elementor-type=\"wp-page\" data-elementor-id=\"23\" class=\"elementor elementor-23\">\n\t\t\t\t<div class=\"elementor-element elementor-element-a96feec e-flex e-con-boxed e-con e-parent\" data-id=\"a96feec\" data-element_type=\"container\">\n\t\t\t\t\t<div class=\"e-con-inner\">\n\t\t<div class=\"elementor-element elementor-element-92bf2d8 e-con-full e-flex e-con e-child\" data-id=\"92bf2d8\" data-element_type=\"container\">\n\t\t\t\t<div class=\"elementor-element elementor-element-38ce284 elementor-widget elementor-widget-image\" data-id=\"38ce284\" data-element_type=\"widget\" data-widget_type=\"image.default\">\n\t\t\t\t<div class=\"elementor-widget-container\">\n\t\t\t\t\t\t\t\t\t\t\t\t\t\t\t<img fetchpriority=\"high\" decoding=\"async\" width=\"640\" height=\"640\" src=\"https:\/\/setam.org.tr\/wp-content\/uploads\/2025\/07\/blank-profile-picture-973460_640.webp\" class=\"attachment-large size-large wp-image-487\" alt=\"\" srcset=\"https:\/\/setam.org.tr\/wp-content\/uploads\/2025\/07\/blank-profile-picture-973460_640.webp 640w, https:\/\/setam.org.tr\/wp-content\/uploads\/2025\/07\/blank-profile-picture-973460_640-300x300.webp 300w, https:\/\/setam.org.tr\/wp-content\/uploads\/2025\/07\/blank-profile-picture-973460_640-150x150.webp 150w, https:\/\/setam.org.tr\/wp-content\/uploads\/2025\/07\/blank-profile-picture-973460_640-585x585.webp 585w\" sizes=\"(max-width: 640px) 100vw, 640px\" \/>\t\t\t\t\t\t\t\t\t\t\t\t\t\t\t<\/div>\n\t\t\t\t<\/div>\n\t\t\t\t<\/div>\n\t\t<div class=\"elementor-element elementor-element-5cc0e4c e-con-full e-flex e-con e-child\" data-id=\"5cc0e4c\" data-element_type=\"container\">\n\t\t\t\t<div class=\"elementor-element elementor-element-6b7b4ba elementor-widget elementor-widget-text-editor\" data-id=\"6b7b4ba\" data-element_type=\"widget\" data-widget_type=\"text-editor.default\">\n\t\t\t\t<div class=\"elementor-widget-container\">\n\t\t\t\t\t\t\t\t\t<p>Abdullah Do\u011fru<\/p><p>Y\u00f6netim Kurulu Ba\u015fkan\u0131<\/p><p>\u00a0<\/p>\t\t\t\t\t\t\t\t<\/div>\n\t\t\t\t<\/div>\n\t\t\t\t<\/div>\n\t\t\t\t\t<\/div>\n\t\t\t\t<\/div>\n\t\t<div class=\"elementor-element elementor-element-d80430b e-flex e-con-boxed e-con e-parent\" data-id=\"d80430b\" data-element_type=\"container\">\n\t\t\t\t\t<div class=\"e-con-inner\">\n\t\t<div class=\"elementor-element elementor-element-985ed56 e-con-full e-flex e-con e-child\" data-id=\"985ed56\" data-element_type=\"container\">\n\t\t\t\t<div class=\"elementor-element elementor-element-cdec054 elementor-widget elementor-widget-image\" data-id=\"cdec054\" data-element_type=\"widget\" data-widget_type=\"image.default\">\n\t\t\t\t<div class=\"elementor-widget-container\">\n\t\t\t\t\t\t\t\t\t\t\t\t\t\t\t<img fetchpriority=\"high\" decoding=\"async\" width=\"640\" height=\"640\" src=\"https:\/\/setam.org.tr\/wp-content\/uploads\/2025\/07\/blank-profile-picture-973460_640.webp\" class=\"attachment-large size-large wp-image-487\" alt=\"\" srcset=\"https:\/\/setam.org.tr\/wp-content\/uploads\/2025\/07\/blank-profile-picture-973460_640.webp 640w, https:\/\/setam.org.tr\/wp-content\/uploads\/2025\/07\/blank-profile-picture-973460_640-300x300.webp 300w, https:\/\/setam.org.tr\/wp-content\/uploads\/2025\/07\/blank-profile-picture-973460_640-150x150.webp 150w, https:\/\/setam.org.tr\/wp-content\/uploads\/2025\/07\/blank-profile-picture-973460_640-585x585.webp 585w\" sizes=\"(max-width: 640px) 100vw, 640px\" \/>\t\t\t\t\t\t\t\t\t\t\t\t\t\t\t<\/div>\n\t\t\t\t<\/div>\n\t\t\t\t<\/div>\n\t\t<div class=\"elementor-element elementor-element-6586624 e-con-full e-flex e-con e-child\" data-id=\"6586624\" data-element_type=\"container\">\n\t\t\t\t<div class=\"elementor-element elementor-element-3220d62 elementor-widget elementor-widget-text-editor\" data-id=\"3220d62\" data-element_type=\"widget\" data-widget_type=\"text-editor.default\">\n\t\t\t\t<div class=\"elementor-widget-container\">\n\t\t\t\t\t\t\t\t\t<p>Murat Ata<\/p><p>Y\u00f6netim Kurulu \u00dcyesi<\/p><p>\u00a0<\/p>\t\t\t\t\t\t\t\t<\/div>\n\t\t\t\t<\/div>\n\t\t\t\t<\/div>\n\t\t\t\t\t<\/div>\n\t\t\t\t<\/div>\n\t\t<div class=\"elementor-element elementor-element-bd89cc8 e-flex e-con-boxed e-con e-parent\" data-id=\"bd89cc8\" data-element_type=\"container\">\n\t\t\t\t\t<div class=\"e-con-inner\">\n\t\t<div class=\"elementor-element elementor-element-728a615 e-con-full e-flex e-con e-child\" data-id=\"728a615\" data-element_type=\"container\">\n\t\t\t\t<div class=\"elementor-element elementor-element-b8b4eb8 elementor-widget elementor-widget-image\" data-id=\"b8b4eb8\" data-element_type=\"widget\" data-widget_type=\"image.default\">\n\t\t\t\t<div class=\"elementor-widget-container\">\n\t\t\t\t\t\t\t\t\t\t\t\t\t\t\t<img decoding=\"async\" width=\"334\" height=\"334\" src=\"https:\/\/setam.org.tr\/wp-content\/uploads\/2025\/09\/foto.png\" class=\"attachment-large size-large wp-image-514\" alt=\"\" srcset=\"https:\/\/setam.org.tr\/wp-content\/uploads\/2025\/09\/foto.png 334w, https:\/\/setam.org.tr\/wp-content\/uploads\/2025\/09\/foto-300x300.png 300w, https:\/\/setam.org.tr\/wp-content\/uploads\/2025\/09\/foto-150x150.png 150w\" sizes=\"(max-width: 334px) 100vw, 334px\" \/>\t\t\t\t\t\t\t\t\t\t\t\t\t\t\t<\/div>\n\t\t\t\t<\/div>\n\t\t\t\t<div class=\"elementor-element elementor-element-e68acd0 elementor-widget elementor-widget-text-editor\" data-id=\"e68acd0\" data-element_type=\"widget\" data-widget_type=\"text-editor.default\">\n\t\t\t\t<div class=\"elementor-widget-container\">\n\t\t\t\t\t\t\t\t\t<p><strong>Do\u00e7. Dr. Ramazan Karsl\u0131o\u011flu\u00a0 \u00a0 <\/strong>Y\u00f6netim Kurulu \u00dcyesi\u00a0 \u00a0 \u00a0 \u00a0 \u00a0 \u00a0 \u00a0 \u00a0 \u00a0 AYB\u00dc&#8217;de End\u00fcstriyel Tasar\u0131m B\u00f6l\u00fcm\u00fc&#8217;nde \u00d6\u011fretim g\u00f6revlisi<\/p>\t\t\t\t\t\t\t\t<\/div>\n\t\t\t\t<\/div>\n\t\t\t\t<\/div>\n\t\t<div class=\"elementor-element elementor-element-951632b e-con-full e-flex e-con e-child\" data-id=\"951632b\" data-element_type=\"container\">\n\t\t\t\t<div class=\"elementor-element elementor-element-795a76d elementor-widget elementor-widget-text-editor\" data-id=\"795a76d\" data-element_type=\"widget\" data-widget_type=\"text-editor.default\">\n\t\t\t\t<div class=\"elementor-widget-container\">\n\t\t\t\t\t\t\t\t\t<p data-pm-slice=\"1 1 []\">Do\u00e7. Dr. Ramazan Karsl\u0131o\u011flu<\/p><p>Ankara Y\u0131ld\u0131r\u0131m Beyaz\u0131t \u00dcniversitesi End\u00fcstriyel Tasar\u0131m B\u00f6l\u00fcm\u00fc\u2019nde Do\u00e7ent olarak g\u00f6rev yapmaktad\u0131r. Lisans\u00fcst\u00fc e\u011fitimini Metalurji ve Malzeme M\u00fchendisli\u011fi alan\u0131nda tamamlam\u0131\u015f, yurt i\u00e7inde ve yurt d\u0131\u015f\u0131nda \u00e7e\u015fitli \u00fcniversitelerde ara\u015ft\u0131rmalar y\u00fcr\u00fctm\u00fc\u015ft\u00fcr. \u00c7al\u0131\u015fmalar\u0131 \u00f6zellikle \u00e7elikler, kaplamalar ve malzeme karakterizasyonu \u00fczerine yo\u011funla\u015fmaktad\u0131r. Akademik ve idari bir\u00e7ok g\u00f6rev \u00fcstlenmi\u015f olup, farkl\u0131 uluslararas\u0131 projelerde yer alm\u0131\u015ft\u0131r.<\/p>\t\t\t\t\t\t\t\t<\/div>\n\t\t\t\t<\/div>\n\t\t\t\t<\/div>\n\t\t\t\t\t<\/div>\n\t\t\t\t<\/div>\n\t\t<div class=\"elementor-element elementor-element-2268ff8 e-flex e-con-boxed e-con e-parent\" data-id=\"2268ff8\" data-element_type=\"container\">\n\t\t\t\t\t<div class=\"e-con-inner\">\n\t\t<div class=\"elementor-element elementor-element-b703cc0 e-con-full e-flex e-con e-child\" data-id=\"b703cc0\" data-element_type=\"container\">\n\t\t\t\t<div class=\"elementor-element elementor-element-7581c7e elementor-widget elementor-widget-image\" data-id=\"7581c7e\" data-element_type=\"widget\" data-widget_type=\"image.default\">\n\t\t\t\t<div class=\"elementor-widget-container\">\n\t\t\t\t\t\t\t\t\t\t\t\t\t\t\t<img decoding=\"async\" width=\"231\" height=\"234\" src=\"https:\/\/setam.org.tr\/wp-content\/uploads\/2025\/09\/WhatsApp-Gorsel-2025-09-17-saat-21.55.09_8ab282d3.jpg\" class=\"attachment-large size-large wp-image-529\" alt=\"\" \/>\t\t\t\t\t\t\t\t\t\t\t\t\t\t\t<\/div>\n\t\t\t\t<\/div>\n\t\t\t\t<div class=\"elementor-element elementor-element-e839e8c elementor-widget elementor-widget-text-editor\" data-id=\"e839e8c\" data-element_type=\"widget\" data-widget_type=\"text-editor.default\">\n\t\t\t\t<div class=\"elementor-widget-container\">\n\t\t\t\t\t\t\t\t\t<p>\u00a0Dr. Nurullah G\u00fcle\u00e7\u00a0 \u00a0 \u00a0 \u00a0 \u00a0 \u00a0 \u00a0 \u00a0 \u00a0 Y\u00f6netim Kurulu \u00dcyesi\u00a0 \u00a0 \u00a0 \u00a0 \u00a0 \u00a0 \u00a0 \u00a0 \u00a0 \u00a0 AYB\u00dc&#8217;de End\u00fcstri M\u00fchendisli\u011fi B\u00f6l\u00fcm\u00fcnde \u00d6\u011fretim g\u00f6revlisi<\/p><p>\u00a0<\/p>\t\t\t\t\t\t\t\t<\/div>\n\t\t\t\t<\/div>\n\t\t\t\t<\/div>\n\t\t<div class=\"elementor-element elementor-element-3587c14 e-con-full e-flex e-con e-child\" data-id=\"3587c14\" data-element_type=\"container\">\n\t\t\t\t<div class=\"elementor-element elementor-element-416418c elementor-widget elementor-widget-text-editor\" data-id=\"416418c\" data-element_type=\"widget\" data-widget_type=\"text-editor.default\">\n\t\t\t\t<div class=\"elementor-widget-container\">\n\t\t\t\t\t\t\t\t\t<p data-start=\"129\" data-end=\"422\"><strong data-start=\"129\" data-end=\"151\">Dr. Nurullah G\u00fcle\u00e7<\/strong><br data-start=\"151\" data-end=\"154\" \/>1990 y\u0131l\u0131nda Safranbolu\u2019da do\u011fdu. \u0130lk ve orta \u00f6\u011frenimini Karab\u00fck\u2019te tamamlad\u0131, 2008 y\u0131l\u0131nda Karab\u00fck Anadolu \u00d6\u011fretmen Lisesi\u2019nden mezun oldu. \u0130stanbul \u00dcniversitesi End\u00fcstri M\u00fchendisli\u011fi b\u00f6l\u00fcm\u00fcn\u00fc 2012\u2019de b\u00f6l\u00fcm birincili\u011fiyle bitirdi, ayn\u0131 zamanda \u0130\u015fletme e\u011fitimi ald\u0131.<\/p><p data-start=\"424\" data-end=\"829\">Profesyonel ya\u015fam\u0131nda 2010-2014 y\u0131llar\u0131 aras\u0131nda \u00f6zel sekt\u00f6rde \u00e7al\u0131\u015ft\u0131. 2014 y\u0131l\u0131nda Ankara Y\u0131ld\u0131r\u0131m Beyaz\u0131t \u00dcniversitesi\u2019nde ara\u015ft\u0131rma g\u00f6revlisi oldu. Orta Do\u011fu Teknik \u00dcniversitesi\u2019nde Y\u00f6neylem y\u00fcksek lisans\u0131n\u0131 2017\u2019de, Ankara Y\u0131ld\u0131r\u0131m Beyaz\u0131t \u00dcniversitesi\u2019nde \u0130ktisat y\u00fcksek lisans\u0131n\u0131 2018\u2019de tamamlad\u0131. 2024 y\u0131l\u0131nda \u0130stanbul Teknik \u00dcniversitesi\u2019nde doktora e\u011fitimini bitirerek \u201cDoktor\u201d unvan\u0131n\u0131 ald\u0131.<\/p><p data-start=\"831\" data-end=\"1041\">Halen Ankara Y\u0131ld\u0131r\u0131m Beyaz\u0131t \u00dcniversitesi End\u00fcstri M\u00fchendisli\u011fi B\u00f6l\u00fcm\u00fc\u2019nde akademik hayat\u0131na devam etmektedir.<\/p>\t\t\t\t\t\t\t\t<\/div>\n\t\t\t\t<\/div>\n\t\t\t\t<\/div>\n\t\t\t\t\t<\/div>\n\t\t\t\t<\/div>\n\t\t<div class=\"elementor-element elementor-element-3002556 e-flex e-con-boxed e-con e-parent\" data-id=\"3002556\" data-element_type=\"container\">\n\t\t\t\t\t<div class=\"e-con-inner\">\n\t\t<div class=\"elementor-element elementor-element-f9e147f e-con-full e-flex e-con e-child\" data-id=\"f9e147f\" data-element_type=\"container\">\n\t\t\t\t<div class=\"elementor-element elementor-element-fdf0ed3 elementor-widget elementor-widget-image\" data-id=\"fdf0ed3\" data-element_type=\"widget\" data-widget_type=\"image.default\">\n\t\t\t\t<div class=\"elementor-widget-container\">\n\t\t\t\t\t\t\t\t\t\t\t\t\t\t\t<img loading=\"lazy\" decoding=\"async\" width=\"531\" height=\"709\" src=\"https:\/\/setam.org.tr\/wp-content\/uploads\/2025\/09\/burak-abi-resm.jpg\" class=\"attachment-large size-large wp-image-530\" alt=\"\" srcset=\"https:\/\/setam.org.tr\/wp-content\/uploads\/2025\/09\/burak-abi-resm.jpg 531w, https:\/\/setam.org.tr\/wp-content\/uploads\/2025\/09\/burak-abi-resm-225x300.jpg 225w\" sizes=\"(max-width: 531px) 100vw, 531px\" \/>\t\t\t\t\t\t\t\t\t\t\t\t\t\t\t<\/div>\n\t\t\t\t<\/div>\n\t\t\t\t<div class=\"elementor-element elementor-element-0568c85 elementor-widget__width-initial elementor-widget elementor-widget-text-editor\" data-id=\"0568c85\" data-element_type=\"widget\" data-widget_type=\"text-editor.default\">\n\t\t\t\t<div class=\"elementor-widget-container\">\n\t\t\t\t\t\t\t\t\t<p>Zir. Y\u00fck. M\u00fch. Burak G\u00fcndo\u011fan <br \/>Y\u00f6netim Kurulu \u00dcyesi <br \/>Tar\u0131m Kredi Kooperatifleri, AR-GE Genel M\u00fcd., Ankara<\/p>\t\t\t\t\t\t\t\t<\/div>\n\t\t\t\t<\/div>\n\t\t\t\t<\/div>\n\t\t<div class=\"elementor-element elementor-element-e36e025 e-con-full e-flex e-con e-child\" data-id=\"e36e025\" data-element_type=\"container\">\n\t\t\t\t<div class=\"elementor-element elementor-element-6acf955 elementor-widget elementor-widget-text-editor\" data-id=\"6acf955\" data-element_type=\"widget\" data-widget_type=\"text-editor.default\">\n\t\t\t\t<div class=\"elementor-widget-container\">\n\t\t\t\t\t\t\t\t\t<p data-start=\"262\" data-end=\"465\"><strong data-start=\"262\" data-end=\"304\">Ziraat Y\u00fcksek M\u00fchendisi Burak G\u00fcndo\u011fan<\/strong><br data-start=\"304\" data-end=\"307\" \/>Bal\u0131kesir do\u011fumludur. Lisans e\u011fitimini Uluda\u011f \u00dcniversitesi Ziraat Fak\u00fcltesi\u2019nde, y\u00fcksek lisans\u0131n\u0131 Uluda\u011f \u00dcniversitesi Fen Bilimleri Enstit\u00fcs\u00fc\u2019nde tamamlad\u0131.<\/p><p data-start=\"467\" data-end=\"760\">2015 y\u0131l\u0131nda Tar\u0131m Kredi Kooperatifleri b\u00fcnyesinde \u00e7al\u0131\u015fma hayat\u0131na ba\u015flad\u0131. \u0130lk y\u0131llar\u0131nda Bal\u0131kesir ve Manisa\u2019daki hayvanc\u0131l\u0131k i\u015fletmelerine teknik dan\u0131\u015fmanl\u0131k yapt\u0131. 2018 y\u0131l\u0131ndan itibaren Ankara\u2019da Tar\u0131m Kredi Kooperatifleri Genel M\u00fcd\u00fcrl\u00fc\u011f\u00fc AR-GE departman\u0131nda g\u00f6revine devam etmektedir.<\/p><p data-start=\"762\" data-end=\"927\">Hayvan besleme, yem \u00fcretim s\u00fcre\u00e7leri ve kalite kontrol konular\u0131nda uzmanla\u015ft\u0131; saha deneyimini ara\u015ft\u0131rma faaliyetleriyle birle\u015ftirerek sekt\u00f6re katk\u0131 sa\u011flamaktad\u0131r.<\/p>\t\t\t\t\t\t\t\t<\/div>\n\t\t\t\t<\/div>\n\t\t\t\t<\/div>\n\t\t\t\t\t<\/div>\n\t\t\t\t<\/div>\n\t\t\t\t<\/div>\n\t\t","protected":false},"excerpt":{"rendered":"<p>Abdullah Do\u011fru Y\u00f6netim Kurulu Ba\u015fkan\u0131 \u00a0 Murat Ata Y\u00f6netim Kurulu \u00dcyesi \u00a0 Do\u00e7. Dr. Ramazan&hellip;<\/p>\n","protected":false},"author":3,"featured_media":487,"parent":0,"menu_order":0,"comment_status":"closed","ping_status":"closed","template":"","meta":{"content-type":"","_lmt_disableupdate":"","_lmt_disable":"","footnotes":""},"class_list":["post-23","page","type-page","status-publish","has-post-thumbnail","hentry"],"_links":{"self":[{"href":"https:\/\/setam.org.tr\/index.php\/wp-json\/wp\/v2\/pages\/23","targetHints":{"allow":["GET"]}}],"collection":[{"href":"https:\/\/setam.org.tr\/index.php\/wp-json\/wp\/v2\/pages"}],"about":[{"href":"https:\/\/setam.org.tr\/index.php\/wp-json\/wp\/v2\/types\/page"}],"author":[{"embeddable":true,"href":"https:\/\/setam.org.tr\/index.php\/wp-json\/wp\/v2\/users\/3"}],"replies":[{"embeddable":true,"href":"https:\/\/setam.org.tr\/index.php\/wp-json\/wp\/v2\/comments?post=23"}],"version-history":[{"count":14,"href":"https:\/\/setam.org.tr\/index.php\/wp-json\/wp\/v2\/pages\/23\/revisions"}],"predecessor-version":[{"id":533,"href":"https:\/\/setam.org.tr\/index.php\/wp-json\/wp\/v2\/pages\/23\/revisions\/533"}],"wp:featuredmedia":[{"embeddable":true,"href":"https:\/\/setam.org.tr\/index.php\/wp-json\/wp\/v2\/media\/487"}],"wp:attachment":[{"href":"https:\/\/setam.org.tr\/index.php\/wp-json\/wp\/v2\/media?parent=23"}],"curies":[{"name":"wp","href":"https:\/\/api.w.org\/{rel}","templated":true}]}}