{"id":22,"date":"2019-06-25T10:20:09","date_gmt":"2019-06-25T07:20:09","guid":{"rendered":"http:\/\/setam.org.tr\/?page_id=22"},"modified":"2025-07-22T14:25:53","modified_gmt":"2025-07-22T11:25:53","slug":"hakkimizda","status":"publish","type":"page","link":"https:\/\/setam.org.tr\/index.php\/hakkimizda\/","title":{"rendered":"Hakk\u0131m\u0131zda"},"content":{"rendered":"\n<h2 class=\"wp-block-heading\"><\/h2>\n\n\n\n<p><strong>SETAM (Sosyal Ekonomik Teknolojik Ara\u015ft\u0131rmalar Merkezi)<\/strong>; milli de\u011ferler temelinde \u00e7al\u0131\u015fan, \u00fclkemizin sosyal, ekonomik ve teknolojik ihtiya\u00e7lar\u0131na y\u00f6nelik stratejik analizler \u00fcreten, 2010 y\u0131l\u0131nda kurulmu\u015f ba\u011f\u0131ms\u0131z bir d\u00fc\u015f\u00fcnce kurulu\u015fudur.<\/p>\n\n\n\n<p>Amac\u0131m\u0131z; T\u00fcrkiye\u2019nin ve \u0130slam d\u00fcnyas\u0131n\u0131n kar\u015f\u0131 kar\u015f\u0131ya oldu\u011fu sosyal, siyasal, iktisadi ve k\u00fclt\u00fcrel sorunlara \u00e7\u00f6z\u00fcm \u00f6nerileri sunmak; yerli ve \u00f6zg\u00fcn fikir \u00fcretiminde \u00f6nc\u00fc olmak ve karar al\u0131c\u0131 mekanizmalara nitelikli katk\u0131lar sa\u011flamakt\u0131r.<\/p>\n\n\n\n<p>SETAM, akademik ara\u015ft\u0131rmalar, saha \u00e7al\u0131\u015fmalar\u0131, politika analizleri ve stratejik raporlar arac\u0131l\u0131\u011f\u0131yla; hem ulusal hem de uluslararas\u0131 alanda \u00f6rnek te\u015fkil edecek \u00e7al\u0131\u015fmalar \u00fcretmeyi hedefler. Bilgiye dayal\u0131, uzun vadeli ve s\u00fcrd\u00fcr\u00fclebilir politika \u00f6nerileriyle toplumsal bilince katk\u0131da bulunur.<\/p>\n\n\n\n<h2 class=\"wp-block-heading\">Misyonumuz<\/h2>\n\n\n\n<p>Milli bir d\u00fc\u015f\u00fcnce kurulu\u015fu olan SETAM, sosyal, ekonomik ve teknolojik alanlar ba\u015fta olmak \u00fczere, ulusal ve uluslararas\u0131 geli\u015fmeleri de dikkate alarak, milletimizin ve \u00dclkemizin daha m\u00fcreffeh bir seviyeye gelmesi i\u00e7in strateji ve politikalar \u00fcretmeyi,&nbsp; bu politikalar\u0131n hayata ge\u00e7irilmesi ve di\u011fer karde\u015f \u00fclkelere \u00f6rnek olunmas\u0131 i\u00e7in konferans, seminer vb. gibi \u00e7al\u0131\u015fmalar yapmay\u0131, isti\u015fare yollar\u0131 geli\u015ftirerek ekonomik ve toplumsal bir milli kalk\u0131nma i\u00e7in ortak bir ak\u0131l olu\u015fturmay\u0131 &nbsp;ama\u00e7lamaktad\u0131r.<\/p>\n\n\n\n<h2 class=\"wp-block-heading\">Vizyonumuz<\/h2>\n\n\n\n<p>Yirmi birinci y\u00fczy\u0131lda yeniden \u015fekillenen uluslararas\u0131 sistem kar\u015f\u0131s\u0131nda, yerli ve milli politikalar \u00fcreterek \u00f6ncelikle \u00dclkemizin ekonomik, sosyal ve teknolojik alanlarda D\u00fcnya siyasetinde etkili bir devlet olmas\u0131 ve ba\u015fta \u0130slam \u00fclkeleri olmak \u00fczere t\u00fcm d\u00fcnyaya \u00f6rnek te\u015fkil edecek politikalar ve stratejiler geli\u015ftirmektir.<\/p>\n\n\n\n<p><\/p>\n","protected":false},"excerpt":{"rendered":"<p>SETAM (Sosyal Ekonomik Teknolojik Ara\u015ft\u0131rmalar Merkezi); milli de\u011ferler temelinde \u00e7al\u0131\u015fan, \u00fclkemizin sosyal, ekonomik ve teknolojik&hellip;<\/p>\n","protected":false},"author":3,"featured_media":104,"parent":0,"menu_order":0,"comment_status":"closed","ping_status":"closed","template":"","meta":{"content-type":"","_lmt_disableupdate":"","_lmt_disable":"","footnotes":""},"class_list":["post-22","page","type-page","status-publish","has-post-thumbnail","hentry"],"_links":{"self":[{"href":"https:\/\/setam.org.tr\/index.php\/wp-json\/wp\/v2\/pages\/22","targetHints":{"allow":["GET"]}}],"collection":[{"href":"https:\/\/setam.org.tr\/index.php\/wp-json\/wp\/v2\/pages"}],"about":[{"href":"https:\/\/setam.org.tr\/index.php\/wp-json\/wp\/v2\/types\/page"}],"author":[{"embeddable":true,"href":"https:\/\/setam.org.tr\/index.php\/wp-json\/wp\/v2\/users\/3"}],"replies":[{"embeddable":true,"href":"https:\/\/setam.org.tr\/index.php\/wp-json\/wp\/v2\/comments?post=22"}],"version-history":[{"count":4,"href":"https:\/\/setam.org.tr\/index.php\/wp-json\/wp\/v2\/pages\/22\/revisions"}],"predecessor-version":[{"id":492,"href":"https:\/\/setam.org.tr\/index.php\/wp-json\/wp\/v2\/pages\/22\/revisions\/492"}],"wp:featuredmedia":[{"embeddable":true,"href":"https:\/\/setam.org.tr\/index.php\/wp-json\/wp\/v2\/media\/104"}],"wp:attachment":[{"href":"https:\/\/setam.org.tr\/index.php\/wp-json\/wp\/v2\/media?parent=22"}],"curies":[{"name":"wp","href":"https:\/\/api.w.org\/{rel}","templated":true}]}}